{"id":552,"date":"2024-09-19T10:58:41","date_gmt":"2024-09-19T10:58:41","guid":{"rendered":"https:\/\/notabeneconsulting.net\/?page_id=552"},"modified":"2024-09-20T12:49:59","modified_gmt":"2024-09-20T12:49:59","slug":"services","status":"publish","type":"page","link":"https:\/\/notabeneconsulting.net\/az\/services\/","title":{"rendered":"Haqq\u0131m\u0131zda"},"content":{"rendered":"<h1>Haqq\u0131m\u0131zda<\/h1>\r\n\n\n\n\n\n\nn\n\n\n<h2>Haqq\u0131m\u0131zda<\/h2>\n\n<p style=\"text-align: left; font-family: Helvetica; font-size: large;\"><strong>Nota Bene&#8217;s team of professionals makes it easy to solve complex cases in cost-effective and efficient ways. Our experts<span style=\"font-family:Arial Black;\"><\/span> are ready to help you with different domestic as well as international transactions.&nbsp;<\/strong><\/p>\n\n\n\n\n<h2>Mission and Vision<\/h2>\n<h2 style=\"font-size: large; text-align: center;\">&nbsp;H\u0259m yerli, h\u0259m d\u0259 beyn\u0259lxalq s\u0259viyy\u0259d\u0259 biznesiniz \u00fc\u00e7\u00fcn y\u00fcks\u0259k keyfiyy\u0259tli se\u00e7iml\u0259r etm\u0259y\u0259 k\u00f6m\u0259k ed\u0259c\u0259k praktiki v\u0259 s\u0259m\u0259r\u0259li h\u0259ll\u0259rin t\u0259min edilm\u0259si.\n\n<\/h2>\n<h2>Nota Bene..<\/h2>\n\n\n\n<p><br><\/p>\n\n\n<p><br><\/p>\n\n\n<p><br><\/p>","protected":false},"excerpt":{"rendered":"","protected":false},"author":1,"featured_media":0,"parent":0,"menu_order":0,"comment_status":"closed","ping_status":"closed","template":"","meta":{"pagelayer_contact_templates":[],"_pagelayer_content":"","footnotes":""},"class_list":["post-552","page","type-page","status-publish","hentry"],"_links":{"self":[{"href":"https:\/\/notabeneconsulting.net\/az\/wp-json\/wp\/v2\/pages\/552","targetHints":{"allow":["GET"]}}],"collection":[{"href":"https:\/\/notabeneconsulting.net\/az\/wp-json\/wp\/v2\/pages"}],"about":[{"href":"https:\/\/notabeneconsulting.net\/az\/wp-json\/wp\/v2\/types\/page"}],"author":[{"embeddable":true,"href":"https:\/\/notabeneconsulting.net\/az\/wp-json\/wp\/v2\/users\/1"}],"replies":[{"embeddable":true,"href":"https:\/\/notabeneconsulting.net\/az\/wp-json\/wp\/v2\/comments?post=552"}],"version-history":[{"count":33,"href":"https:\/\/notabeneconsulting.net\/az\/wp-json\/wp\/v2\/pages\/552\/revisions"}],"predecessor-version":[{"id":648,"href":"https:\/\/notabeneconsulting.net\/az\/wp-json\/wp\/v2\/pages\/552\/revisions\/648"}],"wp:attachment":[{"href":"https:\/\/notabeneconsulting.net\/az\/wp-json\/wp\/v2\/media?parent=552"}],"curies":[{"name":"wp","href":"https:\/\/api.w.org\/{rel}","templated":true}]}}