{"id":441,"date":"2024-09-19T05:44:51","date_gmt":"2024-09-19T05:44:51","guid":{"rendered":"https:\/\/notabeneconsulting.net\/about\/"},"modified":"2024-09-20T11:26:53","modified_gmt":"2024-09-20T11:26:53","slug":"about","status":"publish","type":"page","link":"https:\/\/notabeneconsulting.net\/az\/about\/","title":{"rendered":"Xidm\u0259tl\u0259r"},"content":{"rendered":"<h1>Solve Cases With Us<\/h1>\n\n\n\n\n\n\n\n\n\n<h2>Fields We Cover<\/h2>\n\n<p style=\"text-align: left; font-size: medium;\">S\u0131\u011forta Qanunu\n&nbsp;<\/p>\n<p style=\"text-align: left; font-size: medium;\">Cinay\u0259t h\u00fcququ\n&nbsp;<\/p>\n<p style=\"text-align: left; font-size: medium;\">Kommersiya H\u00fcququ\n&nbsp;<\/p>\n<p style=\"text-align: left; font-size: medium;\">M\u00fclki h\u00fcquq\n&nbsp;<\/p>\n<p style=\"text-align: left; font-size: medium;\">M\u00fchasibatl\u0131q\n&nbsp;<\/p>\n<p style=\"text-align: left; font-size: medium;\">Ail\u0259 h\u00fcququ\n&nbsp;<\/p>\n<p style=\"text-align: left; font-size: medium;\">\u0130nsan Resurslar\u0131\n&nbsp;<\/p>\n\n\n\n\n<h2>\u2713 V\u0259kil xidm\u0259tl\u0259ri v\u0259 M\u0259hk\u0259m\u0259 m\u00fcbahis\u0259l\u0259ri \u00fczr\u0259 t\u0259msil\u00e7ilik, m\u0259hk\u0259m\u0259 instansiyalar\u0131nda z\u0259ruri h\u00fcquqlar\u0131n m\u00fcdafi\u0259si, xarici m\u0259hk\u0259m\u0259 q\u0259rarlar\u0131n Az\u0259rbaycan Respublikas\u0131nda tan\u0131nmas\u0131 v\u0259 icras\u0131.<\/h2>\n<h2>\u2713 Korporativ h\u00fcquq \u00fczr\u0259 z\u0259ruri h\u00fcquqi yard\u0131mlar\u0131n g\u00f6st\u0259rilm\u0259si, o c\u00fcml\u0259d\u0259n m\u00fcflisl\u0259\u015fm\u0259 prosesin apar\u0131lmas\u0131.<\/h2>\n<h2>\u2713 Vergi h\u00fcququ v\u0259 qanunvericilik \u00fczr\u0259 m\u0259sl\u0259h\u0259tl\u0259rin verilm\u0259si, riskli vergi \u0259m\u0259liyyatlar\u0131n m\u00fc\u0259yy\u0259nl\u0259\u015fdirilm\u0259si, Vergi d\u00f6vl\u0259t orqanlar\u0131nda t\u0259msil edilm\u0259si.<\/h2>\n<h2>\u2713 Ail\u0259 v\u0259 v\u0259r\u0259s\u0259lik m\u0259s\u0259l\u0259l\u0259ri, o c\u00fcml\u0259d\u0259n beyn\u0259lxalq nikahlar\u0131 daxil olmaqla nikah v\u0259 bo\u015fanma, birg\u0259 m\u00fclkiyy\u0259t, q\u0259yyumluq v\u0259 himay\u0259\u00e7ilik, \u00f6vladl\u0131\u011fa g\u00f6t\u00fcrm\u0259 v\u0259 dig\u0259r h\u0259ssas ail\u0259 m\u0259s\u0259l\u0259l\u0259ri \u00fczr\u0259 h\u00fcquqi yard\u0131m.<\/h2>\n<h2>\u2713 Providing all necessary legal assistance for the protection of intellectual property rights, including the registration of intellectual property objects (trademarks, inventions).<\/h2>\n<h2>\u2713 H\u00fcquqi audit \u00fczr\u0259 xidm\u0259tl\u0259r, o c\u00fcml\u0259d\u0259n \u015firk\u0259tl\u0259rin f\u0259aliyy\u0259tinin ayr\u0131 \u2013 ayr\u0131 istiqam\u0259tl\u0259rd\u0259, ba\u011flanm\u0131\u015f \u0259qdl\u0259rin, t\u0259sis s\u0259n\u0259dl\u0259rinin, daxili normativ s\u0259n\u0259dl\u0259rinin qanunvericiliy\u0259 uy\u011funlu\u011fu bax\u0131m\u0131ndan h\u00fcquqi t\u0259hlilini apar\u0131lmas\u0131.<\/h2>\n<h2>\u2713 \u018fmlak \u0259ld\u0259 edilm\u0259sind\u0259 h\u00fcquqi riskl\u0259r \u00fczr\u0259 z\u0259ruri \u0259m\u0259liyyatlar\u0131n apar\u0131lmas\u0131, \u0259ld\u0259 edilm\u0259si planla\u015fd\u0131r\u0131lm\u0131\u015f aktivin s\u0259n\u0259dl\u0259r \u00fcz\u0259rind\u0259n tam yoxlan\u0131lmas\u0131, m\u00f6vcudlu\u011fu v\u0259 g\u0259l\u0259c\u0259kd\u0259 yaranabil\u0259c\u0259k riskl\u0259rin qar\u015f\u0131s\u0131n al\u0131nmas\u0131.<\/h2>\n<h2>\u2713 Miqrasiya h\u00fcququ \u00fczr\u0259  \u0259cn\u0259bil\u0259r\u0259 v\u0259 v\u0259t\u0259nda\u015fl\u0131\u011f\u0131 olmayan \u015f\u0259xsl\u0259r\u0259, i\u015f icaz\u0259l\u0259ri, m\u00fcv\u0259qq\u0259ti v\u0259 ya daimi ya\u015famaq \u00fc\u00e7\u00fcn v\u0259 sair miqrasiya xidm\u0259tinin dair\u0259sin\u0259 daxil olan xidm\u0259tl\u0259rin \u0259ld\u0259 edilm\u0259sind\u0259 h\u00fcquqi yard\u0131m.<\/h2>\n<h2>\u2713 M\u00fchasibatl\u0131q v\u0259 insan resurslar\u0131.<\/h2>\n<h2>\u2713 Bank v\u0259 maliyy\u0259 h\u00fcququ.<\/h2>\n<h2>\u2713 N\u0259qliyyat v\u0259 logistika sah\u0259si.<\/h2>\n<h2>\u2713 Tikinti (in\u015faat) h\u00fcququ.<\/h2>","protected":false},"excerpt":{"rendered":"","protected":false},"author":0,"featured_media":0,"parent":0,"menu_order":0,"comment_status":"closed","ping_status":"closed","template":"","meta":{"pagelayer_contact_templates":[],"_pagelayer_content":"","footnotes":""},"class_list":["post-441","page","type-page","status-publish","hentry"],"_links":{"self":[{"href":"https:\/\/notabeneconsulting.net\/az\/wp-json\/wp\/v2\/pages\/441","targetHints":{"allow":["GET"]}}],"collection":[{"href":"https:\/\/notabeneconsulting.net\/az\/wp-json\/wp\/v2\/pages"}],"about":[{"href":"https:\/\/notabeneconsulting.net\/az\/wp-json\/wp\/v2\/types\/page"}],"replies":[{"embeddable":true,"href":"https:\/\/notabeneconsulting.net\/az\/wp-json\/wp\/v2\/comments?post=441"}],"version-history":[{"count":35,"href":"https:\/\/notabeneconsulting.net\/az\/wp-json\/wp\/v2\/pages\/441\/revisions"}],"predecessor-version":[{"id":631,"href":"https:\/\/notabeneconsulting.net\/az\/wp-json\/wp\/v2\/pages\/441\/revisions\/631"}],"wp:attachment":[{"href":"https:\/\/notabeneconsulting.net\/az\/wp-json\/wp\/v2\/media?parent=441"}],"curies":[{"name":"wp","href":"https:\/\/api.w.org\/{rel}","templated":true}]}}