{"id":435,"date":"2024-09-19T05:44:50","date_gmt":"2024-09-19T05:44:50","guid":{"rendered":"https:\/\/notabeneconsulting.net\/home\/"},"modified":"2024-09-27T13:04:29","modified_gmt":"2024-09-27T13:04:29","slug":"home","status":"publish","type":"page","link":"https:\/\/notabeneconsulting.net\/az\/","title":{"rendered":"Ana s\u0259hif\u0259"},"content":{"rendered":"<h2>Xidm\u0259t N\u00f6vl\u0259ri<\/h2>\n\n\n\n<p><br><\/p>\n\n\n<p><br><\/p>\n\n\n<p><br><\/p>\n\n\n\n\n<p><br><\/p>\n\n\n<p><br><\/p>\n\n\n<p><br><\/p>\n\n\n\n\n\n\n\n\n<h2>Niy\u0259 Biz<\/h2>\n\n\n\n<p><br><\/p>\n\n\n<p><br><\/p>\n\n\n<p><br><\/p>\n\n\n\n\n\n\n<h2>R\u0259q\u0259ml\u0259r Dan\u0131\u015fs\u0131n<\/h2>","protected":false},"excerpt":{"rendered":"","protected":false},"author":0,"featured_media":0,"parent":0,"menu_order":0,"comment_status":"closed","ping_status":"closed","template":"","meta":{"pagelayer_contact_templates":[],"_pagelayer_content":"","footnotes":""},"class_list":["post-435","page","type-page","status-publish","hentry"],"_links":{"self":[{"href":"https:\/\/notabeneconsulting.net\/az\/wp-json\/wp\/v2\/pages\/435","targetHints":{"allow":["GET"]}}],"collection":[{"href":"https:\/\/notabeneconsulting.net\/az\/wp-json\/wp\/v2\/pages"}],"about":[{"href":"https:\/\/notabeneconsulting.net\/az\/wp-json\/wp\/v2\/types\/page"}],"replies":[{"embeddable":true,"href":"https:\/\/notabeneconsulting.net\/az\/wp-json\/wp\/v2\/comments?post=435"}],"version-history":[{"count":69,"href":"https:\/\/notabeneconsulting.net\/az\/wp-json\/wp\/v2\/pages\/435\/revisions"}],"predecessor-version":[{"id":678,"href":"https:\/\/notabeneconsulting.net\/az\/wp-json\/wp\/v2\/pages\/435\/revisions\/678"}],"wp:attachment":[{"href":"https:\/\/notabeneconsulting.net\/az\/wp-json\/wp\/v2\/media?parent=435"}],"curies":[{"name":"wp","href":"https:\/\/api.w.org\/{rel}","templated":true}]}}